{"id":2,"date":"2013-04-02T22:06:13","date_gmt":"2013-04-02T21:06:13","guid":{"rendered":""},"modified":"2014-07-22T15:22:52","modified_gmt":"2014-07-22T14:22:52","slug":"beispiel-seite","status":"publish","type":"page","link":"http:\/\/www.fahrerwelt.com\/?page_id=2","title":{"rendered":"Das bin ich"},"content":{"rendered":"<header>\n<h1><span style=\"line-height: 1.714285714; font-size: 1rem;\">Seit ich denken kann, spielt das Automobil eine wichtige Rolle in meinem Leben.<\/span><\/h1>\n<\/header>\n<div>\n<p>Schon bei den gemeinsamen Fahrten mit meinen Freunden in den Kindergarten ging es immer nur darum, welche Mami \u2013 sprich welches Auto \u2013 uns dorthin brachte. Wir hatten die Auswahl zwischen einem Citroen GS, einem Fiat Ritmo, einem Fiat 128er und einem e21, dem 3er BMW der ersten Generation. Keine Frage, mit welcher Mami wir am liebsten mitfuhren!<\/p>\n<p>Beim Kindergarten angekommen, ging es gleich weiter: Noch mehr Mamis mit anderen Autos! Der Vater von einem Kindergartenfreund war ein ehemaliger Rallyefahrer und dementsprechend fiel auch die Autowahl meist auf PS-st\u00e4rkere Fahrzeuge. Das war dann jedesmal ein Ereignis, das wir uns nicht entgehen lie\u00dfen!<\/p>\n<p><span style=\"line-height: 1.714285714; font-size: 1rem;\">Im Jugendalter kam es neben stundenlangen Autodrom- und Kartfahrten (sehr zum Leidwesen meiner Eltern) auch zu einigen \u201cSchwarzfahrten\u201d, welche zum Gl\u00fcck alle glimpflich und ohne Unf\u00e4lle oder Sachschaden verliefen.<\/span><\/p>\n<p><span style=\"line-height: 1.714285714; font-size: 1rem;\">Der bis dahin gl\u00fccklichste Tag in meinem Leben war nat\u00fcrlich jener, an dem ich endlich meinen F\u00fchrerschein in den H\u00e4nden hielt. Die unz\u00e4hligen \u00dcbungsfahrten daf\u00fcr wurden in einem Fiat Punto absolviert. Im Gegensatz zu vielen Mitstreitern habe ich meinen Vater Tag und Nacht gequ\u00e4lt, um noch mehr und noch weitere Strecken fahren zu d\u00fcrfen.<\/span><\/p>\n<p><span style=\"line-height: 1.714285714; font-size: 1rem;\">Um das Jahr 1998 wurde der Kontakt zu einem alten Kindergartenfreund wieder intensiver \u2013 ja, genau, der mit dem ehemaligen Rallyefahrer als Vater. Bald reifte in uns der Gedanke, gemeinsam die Sonderpr\u00fcfungen dieser Welt zu befahren, was schlussendlich 20o1 zu unserem ersten Lauf in einem VW Golf IV TDI f\u00fchrte. Trotz der ungeheuren Leistung von 125 PS und unserer mangelnden Erfahrung konnten wir gleich auf Anhieb den 4. Platz in der Klasse erreichen. In den Folgejahren fuhren wir von Citroen Saxo \u00fcber VW Polo GTI, VW Golf IV TDI KitCar, VW Golf I GTI und Citroen C2 R2 haupts\u00e4chlich deutsche und franz\u00f6sische Fabrikate auf heimischen und fremden Rallyepfaden. Und unsere Leidenschaft h\u00e4lt bis zum heutigen Tag an\u2026<\/span><\/p>\n<p><span style=\"line-height: 1.714285714; font-size: 1rem;\">Neben der aktiven Teilnahme bei Rallyes bin ich als Fan vor allem an der Formel 1, der WRC, der DTM und NASCAR interessiert. In der \u201cSaure Gurken\u201d Zeit im Winter hat es mir auch die Dakar Rallye angetan, wobei ich pers\u00f6nlich die guten alten Tagen mit der Streckenf\u00fchrung in Afrika vermisse. Zus\u00e4tzlich zum Motorsport verfolge ich aufmerksam alle Vorg\u00e4nge rund um die globalen Zusammenh\u00e4nge in der Automobilindustrie und gehe in meiner Freizeit gern auf Automessen.<\/span><\/p>\n<p><span style=\"line-height: 1.714285714; font-size: 1rem;\">Abschlie\u00dfend w\u00fcnsche ich Ihnen viel Spass beim Lesen meines Blogs und freue mich \u00fcber jede Form der Beteiligung, Anregung und auch Kritik!<\/span><\/p>\n<p><span style=\"line-height: 1.714285714; font-size: 1rem;\">Euer, Walter &#8218;Junior&#8216; Pfaffenhuemer<\/span><\/p>\n<p><span style=\"line-height: 1.714285714; font-size: 1rem;\"><a href=\"http:\/\/www.fahrerwelt.com\/wp-content\/uploads\/2013\/04\/Walter_Ouninpohja_20091.jpg\"><img loading=\"lazy\" decoding=\"async\" data-attachment-id=\"21\" data-permalink=\"http:\/\/www.fahrerwelt.com\/?attachment_id=21\" data-orig-file=\"http:\/\/www.fahrerwelt.com\/wp-content\/uploads\/2013\/04\/Walter_Ouninpohja_20091.jpg\" data-orig-size=\"1074,406\" data-comments-opened=\"1\" data-image-meta=\"{&quot;aperture&quot;:&quot;0&quot;,&quot;credit&quot;:&quot;Walter Pfaffenhuemer&quot;,&quot;camera&quot;:&quot;&quot;,&quot;caption&quot;:&quot;&quot;,&quot;created_timestamp&quot;:&quot;1365638393&quot;,&quot;copyright&quot;:&quot;&quot;,&quot;focal_length&quot;:&quot;0&quot;,&quot;iso&quot;:&quot;0&quot;,&quot;shutter_speed&quot;:&quot;0&quot;,&quot;title&quot;:&quot;&quot;}\" data-image-title=\"Walter_Ouninpohja_2009\" data-image-description=\"\" data-image-caption=\"\" data-medium-file=\"http:\/\/www.fahrerwelt.com\/wp-content\/uploads\/2013\/04\/Walter_Ouninpohja_20091-300x113.jpg\" data-large-file=\"http:\/\/www.fahrerwelt.com\/wp-content\/uploads\/2013\/04\/Walter_Ouninpohja_20091-1024x387.jpg\" class=\"size-medium wp-image-21 alignnone\" alt=\"Walter_Ouninpohja_2009\" src=\"http:\/\/www.fahrerwelt.com\/wp-content\/uploads\/2013\/04\/Walter_Ouninpohja_20091-300x113.jpg\" width=\"300\" height=\"113\" srcset=\"http:\/\/www.fahrerwelt.com\/wp-content\/uploads\/2013\/04\/Walter_Ouninpohja_20091-300x113.jpg 300w, http:\/\/www.fahrerwelt.com\/wp-content\/uploads\/2013\/04\/Walter_Ouninpohja_20091-1024x387.jpg 1024w, http:\/\/www.fahrerwelt.com\/wp-content\/uploads\/2013\/04\/Walter_Ouninpohja_20091-624x235.jpg 624w, http:\/\/www.fahrerwelt.com\/wp-content\/uploads\/2013\/04\/Walter_Ouninpohja_20091.jpg 1074w\" sizes=\"(max-width: 300px) 100vw, 300px\" \/><\/a><\/span><\/p>\n<\/div>\n","protected":false},"excerpt":{"rendered":"<p>Seit ich denken kann, spielt das Automobil eine wichtige Rolle in meinem Leben. Schon bei den gemeinsamen Fahrten mit meinen Freunden in den Kindergarten ging es immer nur darum, welche Mami \u2013 sprich welches Auto \u2013 uns dorthin brachte. Wir hatten die Auswahl zwischen einem Citroen GS, einem Fiat Ritmo, einem Fiat 128er und einem [&hellip;]<\/p>\n","protected":false},"author":1,"featured_media":0,"parent":0,"menu_order":0,"comment_status":"open","ping_status":"open","template":"","meta":{"footnotes":""},"jetpack_shortlink":"https:\/\/wp.me\/P3COKQ-2","jetpack_sharing_enabled":true,"jetpack_likes_enabled":true,"_links":{"self":[{"href":"http:\/\/www.fahrerwelt.com\/index.php?rest_route=\/wp\/v2\/pages\/2"}],"collection":[{"href":"http:\/\/www.fahrerwelt.com\/index.php?rest_route=\/wp\/v2\/pages"}],"about":[{"href":"http:\/\/www.fahrerwelt.com\/index.php?rest_route=\/wp\/v2\/types\/page"}],"author":[{"embeddable":true,"href":"http:\/\/www.fahrerwelt.com\/index.php?rest_route=\/wp\/v2\/users\/1"}],"replies":[{"embeddable":true,"href":"http:\/\/www.fahrerwelt.com\/index.php?rest_route=%2Fwp%2Fv2%2Fcomments&post=2"}],"version-history":[{"count":4,"href":"http:\/\/www.fahrerwelt.com\/index.php?rest_route=\/wp\/v2\/pages\/2\/revisions"}],"predecessor-version":[{"id":17,"href":"http:\/\/www.fahrerwelt.com\/index.php?rest_route=\/wp\/v2\/pages\/2\/revisions\/17"}],"wp:attachment":[{"href":"http:\/\/www.fahrerwelt.com\/index.php?rest_route=%2Fwp%2Fv2%2Fmedia&parent=2"}],"curies":[{"name":"wp","href":"https:\/\/api.w.org\/{rel}","templated":true}]}}